{"id":1678,"date":"2023-08-20T11:57:26","date_gmt":"2023-08-20T04:57:26","guid":{"rendered":"https:\/\/tearesortprenn.doidep.com\/?page_id=1678"},"modified":"2024-03-05T15:47:54","modified_gmt":"2024-03-05T08:47:54","slug":"luu-tru","status":"publish","type":"page","link":"https:\/\/tearesortprenn.doidep.com\/en\/luu-tru.html","title":{"rendered":"BOOKING"},"content":{"rendered":"<div data-elementor-type=\"wp-page\" data-elementor-id=\"1678\" class=\"elementor elementor-1678\">\n\t\t\t\t\t\t\t\t\t<section class=\"elementor-section elementor-top-section elementor-element elementor-element-898f61c elementor-section-full_width elementor-section-height-default elementor-section-height-default\" data-id=\"898f61c\" data-element_type=\"section\">\n\t\t\t\t\t\t<div class=\"elementor-container elementor-column-gap-no\">\n\t\t\t\t\t<div class=\"elementor-column elementor-col-100 elementor-top-column elementor-element elementor-element-a180eba\" data-id=\"a180eba\" data-element_type=\"column\">\n\t\t\t<div class=\"elementor-widget-wrap elementor-element-populated\">\n\t\t\t\t\t\t\t\t<div class=\"elementor-element elementor-element-1b17826 elementor-aspect-ratio-169 elementor-widget elementor-widget-video\" data-id=\"1b17826\" data-element_type=\"widget\" data-settings=\"{&quot;youtube_url&quot;:&quot;https:\\\/\\\/youtu.be\\\/7U02d-Zkx6c&quot;,&quot;autoplay&quot;:&quot;yes&quot;,&quot;loop&quot;:&quot;yes&quot;,&quot;yt_privacy&quot;:&quot;yes&quot;,&quot;mute&quot;:&quot;yes&quot;,&quot;video_type&quot;:&quot;youtube&quot;,&quot;aspect_ratio&quot;:&quot;169&quot;}\" data-widget_type=\"video.default\">\n\t\t\t\t<div class=\"elementor-widget-container\">\n\t\t\t<style>\/*! elementor - v3.6.7 - 03-07-2022 *\/\n.elementor-widget-video .elementor-widget-container{overflow:hidden;-webkit-transform:translateZ(0);transform:translateZ(0)}.elementor-widget-video .elementor-open-inline .elementor-custom-embed-image-overlay{position:absolute;top:0;left:0;width:100%;height:100%;background-size:cover;background-position:50%}.elementor-widget-video .elementor-custom-embed-image-overlay{cursor:pointer;text-align:center}.elementor-widget-video .elementor-custom-embed-image-overlay:hover .elementor-custom-embed-play i{opacity:1}.elementor-widget-video .elementor-custom-embed-image-overlay img{display:block;width:100%}.elementor-widget-video .e-hosted-video .elementor-video{-o-object-fit:cover;object-fit:cover}<\/style>\t\t<div class=\"elementor-wrapper elementor-fit-aspect-ratio elementor-open-inline\">\n\t\t\t<div class=\"elementor-video\"><\/div>\t\t<\/div>\n\t\t\t\t<\/div>\n\t\t\t\t<\/div>\n\t\t\t\t\t<\/div>\n\t\t<\/div>\n\t\t\t\t\t\t\t<\/div>\n\t\t<\/section>\n\t\t\t\t<section class=\"elementor-section elementor-top-section elementor-element elementor-element-01b60cf elementor-section-boxed elementor-section-height-default elementor-section-height-default\" data-id=\"01b60cf\" data-element_type=\"section\">\n\t\t\t\t\t\t<div class=\"elementor-container elementor-column-gap-default\">\n\t\t\t\t\t<div class=\"elementor-column elementor-col-100 elementor-top-column elementor-element elementor-element-712c4b4\" data-id=\"712c4b4\" data-element_type=\"column\">\n\t\t\t<div class=\"elementor-widget-wrap elementor-element-populated\">\n\t\t\t\t\t\t\t\t<div class=\"elementor-element elementor-element-683e5b8 elementor-widget elementor-widget-heading\" data-id=\"683e5b8\" data-element_type=\"widget\" data-widget_type=\"heading.default\">\n\t\t\t\t<div class=\"elementor-widget-container\">\n\t\t\t<style>\/*! elementor - v3.6.7 - 03-07-2022 *\/\n.elementor-heading-title{padding:0;margin:0;line-height:1}.elementor-widget-heading .elementor-heading-title[class*=elementor-size-]>a{color:inherit;font-size:inherit;line-height:inherit}.elementor-widget-heading .elementor-heading-title.elementor-size-small{font-size:15px}.elementor-widget-heading .elementor-heading-title.elementor-size-medium{font-size:19px}.elementor-widget-heading .elementor-heading-title.elementor-size-large{font-size:29px}.elementor-widget-heading .elementor-heading-title.elementor-size-xl{font-size:39px}.elementor-widget-heading .elementor-heading-title.elementor-size-xxl{font-size:59px}<\/style><h1 class=\"elementor-heading-title elementor-size-default\">BOOKING<\/h1>\t\t<\/div>\n\t\t\t\t<\/div>\n\t\t\t\t<div class=\"elementor-element elementor-element-3119fa4 elementor-widget elementor-widget-image\" data-id=\"3119fa4\" data-element_type=\"widget\" data-widget_type=\"image.default\">\n\t\t\t\t<div class=\"elementor-widget-container\">\n\t\t\t<style>\/*! elementor - v3.6.7 - 03-07-2022 *\/\n.elementor-widget-image{text-align:center}.elementor-widget-image a{display:inline-block}.elementor-widget-image a img[src$=\".svg\"]{width:48px}.elementor-widget-image img{vertical-align:middle;display:inline-block}<\/style>\t\t\t\t\t\t\t\t\t\t\t\t<img decoding=\"async\" loading=\"lazy\" width=\"2048\" height=\"1448\" src=\"https:\/\/tearesortprenn.doidep.com\/wp-content\/uploads\/2024\/03\/bang-gia-phong-prenn.jpg\" class=\"attachment-large size-large\" alt=\"Bang Gia Phong Prenn\" \/>\t\t\t\t\t\t\t\t\t\t\t\t\t\t\t<\/div>\n\t\t\t\t<\/div>\n\t\t\t\t\t<\/div>\n\t\t<\/div>\n\t\t\t\t\t\t\t<\/div>\n\t\t<\/section>\n\t\t\t\t<section class=\"elementor-section elementor-top-section elementor-element elementor-element-f562a19 elementor-section-boxed elementor-section-height-default elementor-section-height-default\" data-id=\"f562a19\" data-element_type=\"section\">\n\t\t\t\t\t\t<div class=\"elementor-container elementor-column-gap-default\">\n\t\t\t\t\t<div class=\"elementor-column elementor-col-100 elementor-top-column elementor-element elementor-element-83caf33\" data-id=\"83caf33\" data-element_type=\"column\">\n\t\t\t<div class=\"elementor-widget-wrap elementor-element-populated\">\n\t\t\t\t\t\t\t\t<div class=\"elementor-element elementor-element-00cb30e elementor-widget elementor-widget-text-editor\" data-id=\"00cb30e\" data-element_type=\"widget\" data-widget_type=\"text-editor.default\">\n\t\t\t\t<div class=\"elementor-widget-container\">\n\t\t\t<style>\/*! elementor - v3.6.7 - 03-07-2022 *\/\n.elementor-widget-text-editor.elementor-drop-cap-view-stacked .elementor-drop-cap{background-color:#818a91;color:#fff}.elementor-widget-text-editor.elementor-drop-cap-view-framed .elementor-drop-cap{color:#818a91;border:3px solid;background-color:transparent}.elementor-widget-text-editor:not(.elementor-drop-cap-view-default) .elementor-drop-cap{margin-top:8px}.elementor-widget-text-editor:not(.elementor-drop-cap-view-default) .elementor-drop-cap-letter{width:1em;height:1em}.elementor-widget-text-editor .elementor-drop-cap{float:left;text-align:center;line-height:1;font-size:50px}.elementor-widget-text-editor .elementor-drop-cap-letter{display:inline-block}<\/style>\t\t\t\t<p dir=\"ltr\" style=\"line-height: 1.38; margin-top: 0pt; margin-bottom: 0pt;\"><span style=\"font-size: 10pt; font-family: Muli,sans-serif; color: #000000; background-color: transparent; font-weight: bold; font-style: normal; font-variant: normal; text-decoration: none; vertical-align: baseline; white-space: pre-wrap;\"><span style=\"font-size: 16px;\">SEPARATE, LUXURY RESORT IN DA LAT<\/span><br \/><\/span><span style=\"font-size: 10pt; font-family: Muli,sans-serif; color: #000000; background-color: transparent; font-weight: 400; font-style: normal; font-variant: normal; text-decoration: none; vertical-align: baseline; white-space: pre-wrap;\"><span style=\"font-size: 14px;\">Tea Resort Prenn has 5-star resort standards. The interior and decoration of each villa is extremely meticulous, sophisticated and equally luxurious. All rooms take full advantage of natural light, creating beautiful views <\/span>facing the mountains and sea so that visitors can freely admire the majestic scenery and nature. Room categories here include:<\/span><\/p>\t\t\t\t\t\t<\/div>\n\t\t\t\t<\/div>\n\t\t\t\t\t<\/div>\n\t\t<\/div>\n\t\t\t\t\t\t\t<\/div>\n\t\t<\/section>\n\t\t\t\t<section class=\"elementor-section elementor-top-section elementor-element elementor-element-f4258e8 elementor-section-boxed elementor-section-height-default elementor-section-height-default\" data-id=\"f4258e8\" data-element_type=\"section\">\n\t\t\t\t\t\t<div class=\"elementor-container elementor-column-gap-default\">\n\t\t\t\t\t<div class=\"elementor-column elementor-col-100 elementor-top-column elementor-element elementor-element-e9195f5\" data-id=\"e9195f5\" data-element_type=\"column\">\n\t\t\t<div class=\"elementor-widget-wrap elementor-element-populated\">\n\t\t\t\t\t\t\t\t<div class=\"elementor-element elementor-element-ed5dc1e elementor-widget elementor-widget-text-editor\" data-id=\"ed5dc1e\" data-element_type=\"widget\" data-widget_type=\"text-editor.default\">\n\t\t\t\t<div class=\"elementor-widget-container\">\n\t\t\t\t\t\t\t<p dir=\"ltr\" style=\"line-height: 1.38; margin-top: 0pt; margin-bottom: 0pt;\"><span style=\"font-size: 10pt; font-family: Muli,sans-serif; color: #000000; background-color: transparent; font-weight: bold; font-style: normal; font-variant: normal; text-decoration: none; vertical-align: baseline; white-space: pre-wrap;\"><span style=\"font-size: 16px;\">Pine House<\/span><br \/><\/span><span style=\"font-weight: 400;\">Possessing an area of 27m2 including one bedroom, balcony facing Elephant Mountain. Pine House is designed to be comfortable and suitable for couples or families of 3 people.<\/span><\/p>\t\t\t\t\t\t<\/div>\n\t\t\t\t<\/div>\n\t\t\t\t<div class=\"elementor-element elementor-element-0c4cf0a elementor-widget elementor-widget-image\" data-id=\"0c4cf0a\" data-element_type=\"widget\" data-widget_type=\"image.default\">\n\t\t\t\t<div class=\"elementor-widget-container\">\n\t\t\t\t\t\t\t\t\t\t\t\t\t\t\t<img decoding=\"async\" loading=\"lazy\" width=\"6720\" height=\"4480\" src=\"https:\/\/tearesortprenn.doidep.com\/wp-content\/uploads\/2023\/08\/2N1A0136.png\" class=\"attachment-large size-large\" alt=\"2n1a0136\" \/>\t\t\t\t\t\t\t\t\t\t\t\t\t\t\t<\/div>\n\t\t\t\t<\/div>\n\t\t\t\t\t<\/div>\n\t\t<\/div>\n\t\t\t\t\t\t\t<\/div>\n\t\t<\/section>\n\t\t\t\t<section class=\"elementor-section elementor-top-section elementor-element elementor-element-ac484cf elementor-section-boxed elementor-section-height-default elementor-section-height-default\" data-id=\"ac484cf\" data-element_type=\"section\">\n\t\t\t\t\t\t<div class=\"elementor-container elementor-column-gap-default\">\n\t\t\t\t\t<div class=\"elementor-column elementor-col-100 elementor-top-column elementor-element elementor-element-4f19116\" data-id=\"4f19116\" data-element_type=\"column\">\n\t\t\t<div class=\"elementor-widget-wrap elementor-element-populated\">\n\t\t\t\t\t\t\t\t<div class=\"elementor-element elementor-element-a1cfc48 elementor-widget elementor-widget-text-editor\" data-id=\"a1cfc48\" data-element_type=\"widget\" data-widget_type=\"text-editor.default\">\n\t\t\t\t<div class=\"elementor-widget-container\">\n\t\t\t\t\t\t\t<p dir=\"ltr\" style=\"line-height: 1.38; margin-top: 0pt; margin-bottom: 0pt;\"><span style=\"font-size: 10pt; font-family: Muli,sans-serif; color: #000000; background-color: transparent; font-weight: bold; font-style: normal; font-variant: normal; text-decoration: none; vertical-align: baseline; white-space: pre-wrap;\"><span style=\"font-size: 16px;\">Beach Villa<\/span><br \/><\/span><span style=\"font-weight: 400;\">Including 2 bedrooms and 1 living room, a balcony facing the blue sea and long white sand beach. Beach Villa will be suitable for groups of friends or multi-generational families.\u00a0<\/span> 5-star resort standards. The interior and decoration of each villa is extremely meticulous, sophisticated and equally luxurious. All rooms take full advantage of natural light, creating beautiful views<\/p>\t\t\t\t\t\t<\/div>\n\t\t\t\t<\/div>\n\t\t\t\t<div class=\"elementor-element elementor-element-0e4021c elementor-widget elementor-widget-image\" data-id=\"0e4021c\" data-element_type=\"widget\" data-widget_type=\"image.default\">\n\t\t\t\t<div class=\"elementor-widget-container\">\n\t\t\t\t\t\t\t\t\t\t\t\t\t\t\t<img decoding=\"async\" loading=\"lazy\" width=\"2560\" height=\"1707\" src=\"https:\/\/tearesortprenn.doidep.com\/wp-content\/uploads\/2023\/08\/MG_4805-scaled.jpg\" class=\"attachment-large size-large\" alt=\"MG 4805\" \/>\t\t\t\t\t\t\t\t\t\t\t\t\t\t\t<\/div>\n\t\t\t\t<\/div>\n\t\t\t\t\t<\/div>\n\t\t<\/div>\n\t\t\t\t\t\t\t<\/div>\n\t\t<\/section>\n\t\t\t\t<section class=\"elementor-section elementor-top-section elementor-element elementor-element-183168a elementor-section-boxed elementor-section-height-default elementor-section-height-default\" data-id=\"183168a\" data-element_type=\"section\">\n\t\t\t\t\t\t<div class=\"elementor-container elementor-column-gap-default\">\n\t\t\t\t\t<div class=\"elementor-column elementor-col-100 elementor-top-column elementor-element elementor-element-01a92a1\" data-id=\"01a92a1\" data-element_type=\"column\">\n\t\t\t<div class=\"elementor-widget-wrap elementor-element-populated\">\n\t\t\t\t\t\t\t\t<div class=\"elementor-element elementor-element-a1c34b7 elementor-widget elementor-widget-text-editor\" data-id=\"a1c34b7\" data-element_type=\"widget\" data-widget_type=\"text-editor.default\">\n\t\t\t\t<div class=\"elementor-widget-container\">\n\t\t\t\t\t\t\t<p dir=\"ltr\" style=\"line-height: 1.38; margin-top: 0pt; margin-bottom: 0pt;\"><span style=\"font-size: 10pt; font-family: Muli,sans-serif; color: #000000; background-color: transparent; font-weight: bold; font-style: normal; font-variant: normal; text-decoration: none; vertical-align: baseline; white-space: pre-wrap;\"><span style=\"font-size: 16px;\">Red Pine House<\/span><br \/><\/span><span style=\"font-weight: 400;\">The premium room class is suitable for couples&#039; honeymoons with a bathtub and in-room sauna system. Including 1 bedroom, 1 living room designed delicately, meticulously to every detail. The beautiful view overlooking Elephant Mountain gives <\/span> same billion, sophisticated and no less luxurious. All rooms take full advantage of natural light, creating beautiful views<\/p>\t\t\t\t\t\t<\/div>\n\t\t\t\t<\/div>\n\t\t\t\t<div class=\"elementor-element elementor-element-6875d19 elementor-widget elementor-widget-image\" data-id=\"6875d19\" data-element_type=\"widget\" data-widget_type=\"image.default\">\n\t\t\t\t<div class=\"elementor-widget-container\">\n\t\t\t\t\t\t\t\t\t\t\t\t\t\t\t<img decoding=\"async\" loading=\"lazy\" width=\"6479\" height=\"4319\" src=\"https:\/\/tearesortprenn.doidep.com\/wp-content\/uploads\/2023\/08\/2N1A0131.png\" class=\"attachment-large size-large\" alt=\"2n1a0131\" \/>\t\t\t\t\t\t\t\t\t\t\t\t\t\t\t<\/div>\n\t\t\t\t<\/div>\n\t\t\t\t\t<\/div>\n\t\t<\/div>\n\t\t\t\t\t\t\t<\/div>\n\t\t<\/section>\n\t\t\t\t<section class=\"elementor-section elementor-top-section elementor-element elementor-element-44cc44a elementor-section-boxed elementor-section-height-default elementor-section-height-default\" data-id=\"44cc44a\" data-element_type=\"section\">\n\t\t\t\t\t\t<div class=\"elementor-container elementor-column-gap-default\">\n\t\t\t\t\t<div class=\"elementor-column elementor-col-100 elementor-top-column elementor-element elementor-element-1edbbe8\" data-id=\"1edbbe8\" data-element_type=\"column\">\n\t\t\t<div class=\"elementor-widget-wrap elementor-element-populated\">\n\t\t\t\t\t\t\t\t<div class=\"elementor-element elementor-element-813811b elementor-widget elementor-widget-text-editor\" data-id=\"813811b\" data-element_type=\"widget\" data-widget_type=\"text-editor.default\">\n\t\t\t\t<div class=\"elementor-widget-container\">\n\t\t\t\t\t\t\t<div id=\"input_line_0\"><strong><em><span id=\"input_part_0\" class=\"\" data-mention=\"Oasis Villa\">Oasis Villa<\/span><\/em><\/strong><\/div>\n<div>\u00a0<\/div>\n<div id=\"input_line_3\"><span id=\"input_part_0\" class=\"\" data-mention=\"\u0110\u00e2y l\u00e0 h\u1ea1ng ph\u00f2ng cao c\u1ea5p nh\u1ea5t c\u1ee7a Tea Resort Prenn v\u1edbi nhi\u1ec1u kh\u00f4ng gian ri\u00eang t\u1eeb nh\u01b0 ph\u00f2ng kh\u00e1ch, ban c\u00f4ng h\u01b0\u1edbng bi\u1ec3n, b\u1ed3n t\u1eafm, khu v\u1ef1c x\u00f4ng h\u01a1i t\u1ea1i ph\u00f2ng... V\u1ecb tr\u00ed \u0111\u1eafc \u0111\u1ecba nh\u1ea5t c\u1ee7a khu ngh\u1ec9 d\u01b0\u1ee1ng v\u00e0 t\u1ea7m nh\u00ecn tuy\u1ec7t \u0111\u1eb9p. Ch\u1eafc ch\u1eafn s\u1ebd \u0111em l\u1ea1i cho b\u1ea1n m\u1ed9t kh\u00f4ng gian ngh\u1ec9 d\u01b0\u1ee1ng \u0111\u1eb3ng c\u1ea5p, sang tr\u1ecdng.\">Amazed by the space inside, the outside scenery also \"fascinates\" the visitors. With the Oasis Villa room, you will be able to immerse yourself in the peaceful scenery, listen to the sound of waterfalls, birds chirping, and enjoy the beautiful sunrise and sunset.<\/span><\/div>\n<div id=\"input_line_4\">\u00a0<\/div>\n<div id=\"input_line_5\"><span id=\"input_part_0\" class=\"\" data-mention=\"Kh\u00f4ng ch\u1ec9 ng\u1ee1 ng\u00e0ng b\u1edfi kh\u00f4ng gian b\u00ean trong, c\u1ea3 khung c\u1ea3nh b\u00ean ngo\u00e0i c\u0169ng \u201ch\u1edbp h\u1ed3n\u201d du kh\u00e1ch. V\u1edbi h\u1ea1ng ph\u00f2ng Oasis Villa, b\u1ea1n s\u1ebd \u0111\u01b0\u1ee3c th\u1ecfa th\u00edch \u0111\u1eafm m\u00ecnh gi\u1eefa c\u1ea3nh v\u1eadt b\u00ecnh y\u00ean, \u0111\u01b0\u1ee3c l\u1eafng nghe ti\u1ebfng th\u00e1c \u0111\u1ed5, chim h\u00f3t l\u00edu lo, chi\u00eam ng\u01b0\u1ee1ng nh\u1eefng kho\u1ea3nh kh\u1eafc b\u00ecnh minh v\u00e0 ho\u00e0ng h\u00f4n \u0111\u1eb9p m\u00ea h\u1ed3n. \">Not only surprised by the space inside, the scenery outside also &quot;captivates&quot; visitors. With the Oasis Villa room class, you will be able to immerse yourself in the peaceful scenery, listen to the sound of waterfalls, chirping birds, and admire the enchanting moments of sunrise and sunset. <\/span><\/div>\t\t\t\t\t\t<\/div>\n\t\t\t\t<\/div>\n\t\t\t\t<div class=\"elementor-element elementor-element-5da6b58 elementor-widget elementor-widget-image\" data-id=\"5da6b58\" data-element_type=\"widget\" data-widget_type=\"image.default\">\n\t\t\t\t<div class=\"elementor-widget-container\">\n\t\t\t\t\t\t\t\t\t\t\t\t\t\t\t<img decoding=\"async\" loading=\"lazy\" width=\"6720\" height=\"4480\" src=\"https:\/\/tearesortprenn.doidep.com\/wp-content\/uploads\/2023\/08\/2N1A0071.png\" class=\"attachment-large size-large\" alt=\"2n1a0071\" \/>\t\t\t\t\t\t\t\t\t\t\t\t\t\t\t<\/div>\n\t\t\t\t<\/div>\n\t\t\t\t\t<\/div>\n\t\t<\/div>\n\t\t\t\t\t\t\t<\/div>\n\t\t<\/section>\n\t\t\t\t<section class=\"elementor-section elementor-top-section elementor-element elementor-element-0e836cc elementor-section-boxed elementor-section-height-default elementor-section-height-default\" data-id=\"0e836cc\" data-element_type=\"section\">\n\t\t\t\t\t\t<div class=\"elementor-container elementor-column-gap-default\">\n\t\t\t\t\t<div class=\"elementor-column elementor-col-100 elementor-top-column elementor-element elementor-element-28cd858\" data-id=\"28cd858\" data-element_type=\"column\">\n\t\t\t<div class=\"elementor-widget-wrap elementor-element-populated\">\n\t\t\t\t\t\t\t\t<div class=\"elementor-element elementor-element-a9c9ad1 elementor-widget elementor-widget-heading\" data-id=\"a9c9ad1\" data-element_type=\"widget\" data-widget_type=\"heading.default\">\n\t\t\t\t<div class=\"elementor-widget-container\">\n\t\t\t<h1 class=\"elementor-heading-title elementor-size-default\">News<\/h1>\t\t<\/div>\n\t\t\t\t<\/div>\n\t\t\t\t<div class=\"elementor-element elementor-element-dab6970 elementor-grid-3 elementor-grid-tablet-2 elementor-grid-mobile-1 elementor-posts--thumbnail-top elementor-widget elementor-widget-posts\" data-id=\"dab6970\" data-element_type=\"widget\" data-settings=\"{&quot;classic_columns&quot;:&quot;3&quot;,&quot;classic_columns_tablet&quot;:&quot;2&quot;,&quot;classic_columns_mobile&quot;:&quot;1&quot;,&quot;classic_row_gap&quot;:{&quot;unit&quot;:&quot;px&quot;,&quot;size&quot;:35,&quot;sizes&quot;:[]},&quot;classic_row_gap_tablet&quot;:{&quot;unit&quot;:&quot;px&quot;,&quot;size&quot;:&quot;&quot;,&quot;sizes&quot;:[]},&quot;classic_row_gap_mobile&quot;:{&quot;unit&quot;:&quot;px&quot;,&quot;size&quot;:&quot;&quot;,&quot;sizes&quot;:[]}}\" data-widget_type=\"posts.classic\">\n\t\t\t\t<div class=\"elementor-widget-container\">\n\t\t\t<link rel=\"stylesheet\" href=\"https:\/\/tearesortprenn.doidep.com\/wp-content\/plugins\/elementor-pro\/assets\/css\/widget-posts.min.css\">\t\t<div class=\"elementor-posts-container elementor-posts elementor-posts--skin-classic elementor-grid\">\n\t\t\t\t<article class=\"elementor-post elementor-grid-item post-2551 post type-post status-publish format-standard has-post-thumbnail hentry category-tin-tuc\">\n\t\t\t\t<a class=\"elementor-post__thumbnail__link\" href=\"https:\/\/tearesortprenn.doidep.com\/en\/gio-to-hung-vuong-da-lat-2026-hanh-trinh-di-san-da-sac-trai-nghiem\/\" target=\"&quot;_blank&quot;\">\n\t\t\t<div class=\"elementor-post__thumbnail\"><img decoding=\"async\" loading=\"lazy\" width=\"540\" height=\"303\" src=\"https:\/\/tearesortprenn.doidep.com\/wp-content\/uploads\/2026\/04\/Gio-to-hung-vuong-tea-resort-prenn-toan-canh.jpg\" class=\"attachment-medium size-medium\" alt=\"Gio To Hung Vuong Tea Resort Prenn Toan Canh\" \/><\/div>\n\t\t<\/a>\n\t\t\t\t<div class=\"elementor-post__text\">\n\t\t\t\t<h3 class=\"elementor-post__title\">\n\t\t\t<a href=\"https:\/\/tearesortprenn.doidep.com\/en\/gio-to-hung-vuong-da-lat-2026-hanh-trinh-di-san-da-sac-trai-nghiem\/\">\n\t\t\t\tGi\u1ed7 T\u1ed5 H\u00f9ng V\u01b0\u01a1ng \u0110\u00e0 L\u1ea1t 2026: H\u00e0nh tr\u00ecnh di s\u1ea3n, \u0111a s\u1eafc tr\u1ea3i nghi\u1ec7m\t\t\t<\/a>\n\t\t<\/h3>\n\t\t\n\t\t<a href=\"https:\/\/tearesortprenn.doidep.com\/en\/gio-to-hung-vuong-da-lat-2026-hanh-trinh-di-san-da-sac-trai-nghiem\/\">\n\t\t\tSee more\t\t<\/a>\n\n\t\t\t\t<\/div>\n\t\t\t\t<\/article>\n\t\t\t\t<article class=\"elementor-post elementor-grid-item post-2544 post type-post status-publish format-standard has-post-thumbnail hentry category-tin-tuc\">\n\t\t\t\t<a class=\"elementor-post__thumbnail__link\" href=\"https:\/\/tearesortprenn.doidep.com\/en\/cac-chuyen-gia-hoi-tu-tai-world-tea-fest-de-doi-thoai-ve-tra-tra-se-tiep-tuc-la-cay-cau-mang-lai-suc-khoe-van-hoa-doi-thoai-giao-duc-va-su-thinh-vuong-cho-cong-dong\/\" target=\"&quot;_blank&quot;\">\n\t\t\t<div class=\"elementor-post__thumbnail\"><img decoding=\"async\" loading=\"lazy\" width=\"2000\" height=\"1330\" src=\"https:\/\/tearesortprenn.doidep.com\/wp-content\/uploads\/2025\/12\/2790140303929438699-1765006385977957152472-1765007811434-17650078121951072508639.jpg\" class=\"attachment-medium size-medium\" alt=\"2790140303929438699 1765006385977957152472 1765007811434 17650078121951072508639\" \/><\/div>\n\t\t<\/a>\n\t\t\t\t<div class=\"elementor-post__text\">\n\t\t\t\t<h3 class=\"elementor-post__title\">\n\t\t\t<a href=\"https:\/\/tearesortprenn.doidep.com\/en\/cac-chuyen-gia-hoi-tu-tai-world-tea-fest-de-doi-thoai-ve-tra-tra-se-tiep-tuc-la-cay-cau-mang-lai-suc-khoe-van-hoa-doi-thoai-giao-duc-va-su-thinh-vuong-cho-cong-dong\/\">\n\t\t\t\tC\u00e1c chuy\u00ean gia h\u1ed9i t\u1ee5 t\u1ea1i World Tea Fest \u0111\u1ec3 \u0111\u1ed1i tho\u1ea1i v\u1ec1 tr\u00e0: Tr\u00e0 s\u1ebd ti\u1ebfp t\u1ee5c l\u00e0 c\u00e2y c\u1ea7u mang l\u1ea1i s\u1ee9c kh\u1ecfe, v\u0103n h\u00f3a, \u0111\u1ed1i tho\u1ea1i, gi\u00e1o d\u1ee5c v\u00e0 s\u1ef1 th\u1ecbnh v\u01b0\u1ee3ng cho c\u1ed9ng \u0111\u1ed3ng\t\t\t<\/a>\n\t\t<\/h3>\n\t\t\n\t\t<a href=\"https:\/\/tearesortprenn.doidep.com\/en\/cac-chuyen-gia-hoi-tu-tai-world-tea-fest-de-doi-thoai-ve-tra-tra-se-tiep-tuc-la-cay-cau-mang-lai-suc-khoe-van-hoa-doi-thoai-giao-duc-va-su-thinh-vuong-cho-cong-dong\/\">\n\t\t\tSee more\t\t<\/a>\n\n\t\t\t\t<\/div>\n\t\t\t\t<\/article>\n\t\t\t\t<article class=\"elementor-post elementor-grid-item post-2541 post type-post status-publish format-standard has-post-thumbnail hentry category-tin-tuc\">\n\t\t\t\t<a class=\"elementor-post__thumbnail__link\" href=\"https:\/\/tearesortprenn.doidep.com\/en\/khai-mac-le-hoi-tra-quoc-te-world-t-e-a-fest-2025-04-ky-luc-viet-nam-trao-tang-den-cong-ty-cp-che-lam-dong-thuong-hieu-doidep\/\" target=\"&quot;_blank&quot;\">\n\t\t\t<div class=\"elementor-post__thumbnail\"><img decoding=\"async\" loading=\"lazy\" width=\"2560\" height=\"1440\" src=\"https:\/\/tearesortprenn.doidep.com\/wp-content\/uploads\/2025\/12\/le-hoi-tra-quoc-te-ky-luc-viet-nam-cong-ty-che-lam-dong-doi-dep-1-scaled.jpg\" class=\"attachment-medium size-medium\" alt=\"Le Hoi Tra Quoc Te Ky Luc Viet Nam Cong Ty Che Lam Dong Doi Dep 1\" \/><\/div>\n\t\t<\/a>\n\t\t\t\t<div class=\"elementor-post__text\">\n\t\t\t\t<h3 class=\"elementor-post__title\">\n\t\t\t<a href=\"https:\/\/tearesortprenn.doidep.com\/en\/khai-mac-le-hoi-tra-quoc-te-world-t-e-a-fest-2025-04-ky-luc-viet-nam-trao-tang-den-cong-ty-cp-che-lam-dong-thuong-hieu-doidep\/\">\n\t\t\t\tKhai m\u1ea1c L\u1ec5 h\u1ed9i Tr\u00e0 Qu\u1ed1c t\u1ebf &#8211; WORLD T.E.A FEST 2025, 04 K\u1ef7 l\u1ee5c Vi\u1ec7t Nam trao t\u1eb7ng \u0111\u1ebfn C\u00f4ng ty CP ch\u00e8 L\u00e2m \u0110\u1ed3ng &#8211; Th\u01b0\u01a1ng hi\u1ec7u DOIDEP\t\t\t<\/a>\n\t\t<\/h3>\n\t\t\n\t\t<a href=\"https:\/\/tearesortprenn.doidep.com\/en\/khai-mac-le-hoi-tra-quoc-te-world-t-e-a-fest-2025-04-ky-luc-viet-nam-trao-tang-den-cong-ty-cp-che-lam-dong-thuong-hieu-doidep\/\">\n\t\t\tSee more\t\t<\/a>\n\n\t\t\t\t<\/div>\n\t\t\t\t<\/article>\n\t\t\t\t<\/div>\n\n\n\t\t\n\t\t\t\t<\/div>\n\t\t\t\t<\/div>\n\t\t\t\t\t<\/div>\n\t\t<\/div>\n\t\t\t\t\t\t\t<\/div>\n\t\t<\/section>\n\t\t\t\t\t\t\t<\/div>","protected":false},"excerpt":{"rendered":"<p>Staying at a private, luxurious resort in Da LatTea Resort Prenn<\/p>","protected":false},"author":2,"featured_media":0,"parent":0,"menu_order":0,"comment_status":"closed","ping_status":"closed","template":"elementor_header_footer","meta":{"footnotes":""},"acf":[],"_links":{"self":[{"href":"https:\/\/tearesortprenn.doidep.com\/en\/wp-json\/wp\/v2\/pages\/1678"}],"collection":[{"href":"https:\/\/tearesortprenn.doidep.com\/en\/wp-json\/wp\/v2\/pages"}],"about":[{"href":"https:\/\/tearesortprenn.doidep.com\/en\/wp-json\/wp\/v2\/types\/page"}],"author":[{"embeddable":true,"href":"https:\/\/tearesortprenn.doidep.com\/en\/wp-json\/wp\/v2\/users\/2"}],"replies":[{"embeddable":true,"href":"https:\/\/tearesortprenn.doidep.com\/en\/wp-json\/wp\/v2\/comments?post=1678"}],"version-history":[{"count":1,"href":"https:\/\/tearesortprenn.doidep.com\/en\/wp-json\/wp\/v2\/pages\/1678\/revisions"}],"predecessor-version":[{"id":2153,"href":"https:\/\/tearesortprenn.doidep.com\/en\/wp-json\/wp\/v2\/pages\/1678\/revisions\/2153"}],"wp:attachment":[{"href":"https:\/\/tearesortprenn.doidep.com\/en\/wp-json\/wp\/v2\/media?parent=1678"}],"curies":[{"name":"wp","href":"https:\/\/api.w.org\/{rel}","templated":true}]}}