{"id":1701,"date":"2023-08-20T15:17:13","date_gmt":"2023-08-20T08:17:13","guid":{"rendered":"https:\/\/tearesortprenn.doidep.com\/?page_id=1701"},"modified":"2023-08-20T15:31:36","modified_gmt":"2023-08-20T08:31:36","slug":"bang-gia","status":"publish","type":"page","link":"https:\/\/tearesortprenn.doidep.com\/en\/state.html","title":{"rendered":"PRICE LIST"},"content":{"rendered":"<div data-elementor-type=\"wp-page\" data-elementor-id=\"1701\" class=\"elementor elementor-1701\">\n\t\t\t\t\t\t\t\t\t<section class=\"elementor-section elementor-top-section elementor-element elementor-element-898f61c elementor-section-full_width elementor-section-height-default elementor-section-height-default\" data-id=\"898f61c\" data-element_type=\"section\">\n\t\t\t\t\t\t<div class=\"elementor-container elementor-column-gap-no\">\n\t\t\t\t\t<div class=\"elementor-column elementor-col-100 elementor-top-column elementor-element elementor-element-a180eba\" data-id=\"a180eba\" data-element_type=\"column\">\n\t\t\t<div class=\"elementor-widget-wrap elementor-element-populated\">\n\t\t\t\t\t\t\t\t<div class=\"elementor-element elementor-element-1b17826 elementor-aspect-ratio-169 elementor-widget elementor-widget-video\" data-id=\"1b17826\" data-element_type=\"widget\" data-settings=\"{&quot;youtube_url&quot;:&quot;https:\\\/\\\/youtu.be\\\/7U02d-Zkx6c&quot;,&quot;autoplay&quot;:&quot;yes&quot;,&quot;loop&quot;:&quot;yes&quot;,&quot;yt_privacy&quot;:&quot;yes&quot;,&quot;video_type&quot;:&quot;youtube&quot;,&quot;aspect_ratio&quot;:&quot;169&quot;}\" data-widget_type=\"video.default\">\n\t\t\t\t<div class=\"elementor-widget-container\">\n\t\t\t<style>\/*! elementor - v3.6.7 - 03-07-2022 *\/\n.elementor-widget-video .elementor-widget-container{overflow:hidden;-webkit-transform:translateZ(0);transform:translateZ(0)}.elementor-widget-video .elementor-open-inline .elementor-custom-embed-image-overlay{position:absolute;top:0;left:0;width:100%;height:100%;background-size:cover;background-position:50%}.elementor-widget-video .elementor-custom-embed-image-overlay{cursor:pointer;text-align:center}.elementor-widget-video .elementor-custom-embed-image-overlay:hover .elementor-custom-embed-play i{opacity:1}.elementor-widget-video .elementor-custom-embed-image-overlay img{display:block;width:100%}.elementor-widget-video .e-hosted-video .elementor-video{-o-object-fit:cover;object-fit:cover}<\/style>\t\t<div class=\"elementor-wrapper elementor-fit-aspect-ratio elementor-open-inline\">\n\t\t\t<div class=\"elementor-video\"><\/div>\t\t<\/div>\n\t\t\t\t<\/div>\n\t\t\t\t<\/div>\n\t\t\t\t\t<\/div>\n\t\t<\/div>\n\t\t\t\t\t\t\t<\/div>\n\t\t<\/section>\n\t\t\t\t<section class=\"elementor-section elementor-top-section elementor-element elementor-element-01b60cf elementor-section-boxed elementor-section-height-default elementor-section-height-default\" data-id=\"01b60cf\" data-element_type=\"section\">\n\t\t\t\t\t\t<div class=\"elementor-container elementor-column-gap-default\">\n\t\t\t\t\t<div class=\"elementor-column elementor-col-100 elementor-top-column elementor-element elementor-element-712c4b4\" data-id=\"712c4b4\" data-element_type=\"column\">\n\t\t\t<div class=\"elementor-widget-wrap elementor-element-populated\">\n\t\t\t\t\t\t\t\t<div class=\"elementor-element elementor-element-683e5b8 elementor-widget elementor-widget-heading\" data-id=\"683e5b8\" data-element_type=\"widget\" data-widget_type=\"heading.default\">\n\t\t\t\t<div class=\"elementor-widget-container\">\n\t\t\t<style>\/*! elementor - v3.6.7 - 03-07-2022 *\/\n.elementor-heading-title{padding:0;margin:0;line-height:1}.elementor-widget-heading .elementor-heading-title[class*=elementor-size-]>a{color:inherit;font-size:inherit;line-height:inherit}.elementor-widget-heading .elementor-heading-title.elementor-size-small{font-size:15px}.elementor-widget-heading .elementor-heading-title.elementor-size-medium{font-size:19px}.elementor-widget-heading .elementor-heading-title.elementor-size-large{font-size:29px}.elementor-widget-heading .elementor-heading-title.elementor-size-xl{font-size:39px}.elementor-widget-heading .elementor-heading-title.elementor-size-xxl{font-size:59px}<\/style><h1 class=\"elementor-heading-title elementor-size-default\">SERVICE PRICE LIST<\/h1>\t\t<\/div>\n\t\t\t\t<\/div>\n\t\t\t\t\t<\/div>\n\t\t<\/div>\n\t\t\t\t\t\t\t<\/div>\n\t\t<\/section>\n\t\t\t\t<section class=\"elementor-section elementor-top-section elementor-element elementor-element-f4258e8 elementor-section-boxed elementor-section-height-default elementor-section-height-default\" data-id=\"f4258e8\" data-element_type=\"section\">\n\t\t\t\t\t\t<div class=\"elementor-container elementor-column-gap-default\">\n\t\t\t\t\t<div class=\"elementor-column elementor-col-100 elementor-top-column elementor-element elementor-element-e9195f5\" data-id=\"e9195f5\" data-element_type=\"column\">\n\t\t\t<div class=\"elementor-widget-wrap elementor-element-populated\">\n\t\t\t\t\t\t\t\t<div class=\"elementor-element elementor-element-0c4cf0a elementor-widget elementor-widget-image\" data-id=\"0c4cf0a\" data-element_type=\"widget\" data-widget_type=\"image.default\">\n\t\t\t\t<div class=\"elementor-widget-container\">\n\t\t\t<style>\/*! elementor - v3.6.7 - 03-07-2022 *\/\n.elementor-widget-image{text-align:center}.elementor-widget-image a{display:inline-block}.elementor-widget-image a img[src$=\".svg\"]{width:48px}.elementor-widget-image img{vertical-align:middle;display:inline-block}<\/style>\t\t\t\t\t\t\t\t\t\t\t\t<img decoding=\"async\" loading=\"lazy\" width=\"2048\" height=\"1448\" src=\"https:\/\/tearesortprenn.doidep.com\/wp-content\/uploads\/2023\/08\/bang-gia-phong-prenn.jpg\" class=\"attachment-large size-large\" alt=\"Bang Gia Phong Prenn\" \/>\t\t\t\t\t\t\t\t\t\t\t\t\t\t\t<\/div>\n\t\t\t\t<\/div>\n\t\t\t\t<div class=\"elementor-element elementor-element-1de5608 elementor-widget elementor-widget-image\" data-id=\"1de5608\" data-element_type=\"widget\" data-widget_type=\"image.default\">\n\t\t\t\t<div class=\"elementor-widget-container\">\n\t\t\t\t\t\t\t\t\t\t\t\t\t\t\t<img decoding=\"async\" loading=\"lazy\" width=\"6720\" height=\"4480\" src=\"https:\/\/tearesortprenn.doidep.com\/wp-content\/uploads\/2023\/08\/2N1A0136.png\" class=\"attachment-large size-large\" alt=\"2n1a0136\" \/>\t\t\t\t\t\t\t\t\t\t\t\t\t\t\t<\/div>\n\t\t\t\t<\/div>\n\t\t\t\t\t<\/div>\n\t\t<\/div>\n\t\t\t\t\t\t\t<\/div>\n\t\t<\/section>\n\t\t\t\t<section class=\"elementor-section elementor-top-section elementor-element elementor-element-0e836cc elementor-section-boxed elementor-section-height-default elementor-section-height-default\" data-id=\"0e836cc\" data-element_type=\"section\">\n\t\t\t\t\t\t<div class=\"elementor-container elementor-column-gap-default\">\n\t\t\t\t\t<div class=\"elementor-column elementor-col-100 elementor-top-column elementor-element elementor-element-28cd858\" data-id=\"28cd858\" data-element_type=\"column\">\n\t\t\t<div class=\"elementor-widget-wrap elementor-element-populated\">\n\t\t\t\t\t\t\t\t<div class=\"elementor-element elementor-element-a9c9ad1 elementor-widget elementor-widget-heading\" data-id=\"a9c9ad1\" data-element_type=\"widget\" data-widget_type=\"heading.default\">\n\t\t\t\t<div class=\"elementor-widget-container\">\n\t\t\t<h1 class=\"elementor-heading-title elementor-size-default\">News<\/h1>\t\t<\/div>\n\t\t\t\t<\/div>\n\t\t\t\t<div class=\"elementor-element elementor-element-dab6970 elementor-grid-3 elementor-grid-tablet-2 elementor-grid-mobile-1 elementor-posts--thumbnail-top elementor-widget elementor-widget-posts\" data-id=\"dab6970\" data-element_type=\"widget\" data-settings=\"{&quot;classic_columns&quot;:&quot;3&quot;,&quot;classic_columns_tablet&quot;:&quot;2&quot;,&quot;classic_columns_mobile&quot;:&quot;1&quot;,&quot;classic_row_gap&quot;:{&quot;unit&quot;:&quot;px&quot;,&quot;size&quot;:35,&quot;sizes&quot;:[]},&quot;classic_row_gap_tablet&quot;:{&quot;unit&quot;:&quot;px&quot;,&quot;size&quot;:&quot;&quot;,&quot;sizes&quot;:[]},&quot;classic_row_gap_mobile&quot;:{&quot;unit&quot;:&quot;px&quot;,&quot;size&quot;:&quot;&quot;,&quot;sizes&quot;:[]}}\" data-widget_type=\"posts.classic\">\n\t\t\t\t<div class=\"elementor-widget-container\">\n\t\t\t<link rel=\"stylesheet\" href=\"https:\/\/tearesortprenn.doidep.com\/wp-content\/plugins\/elementor-pro\/assets\/css\/widget-posts.min.css\">\t\t<div class=\"elementor-posts-container elementor-posts elementor-posts--skin-classic elementor-grid\">\n\t\t\t\t<article class=\"elementor-post elementor-grid-item post-2551 post type-post status-publish format-standard has-post-thumbnail hentry category-tin-tuc\">\n\t\t\t\t<a class=\"elementor-post__thumbnail__link\" href=\"https:\/\/tearesortprenn.doidep.com\/en\/gio-to-hung-vuong-da-lat-2026-hanh-trinh-di-san-da-sac-trai-nghiem\/\" target=\"&quot;_blank&quot;\">\n\t\t\t<div class=\"elementor-post__thumbnail\"><img decoding=\"async\" loading=\"lazy\" width=\"540\" height=\"303\" src=\"https:\/\/tearesortprenn.doidep.com\/wp-content\/uploads\/2026\/04\/Gio-to-hung-vuong-tea-resort-prenn-toan-canh.jpg\" class=\"attachment-medium size-medium\" alt=\"Gio To Hung Vuong Tea Resort Prenn Toan Canh\" \/><\/div>\n\t\t<\/a>\n\t\t\t\t<div class=\"elementor-post__text\">\n\t\t\t\t<h3 class=\"elementor-post__title\">\n\t\t\t<a href=\"https:\/\/tearesortprenn.doidep.com\/en\/gio-to-hung-vuong-da-lat-2026-hanh-trinh-di-san-da-sac-trai-nghiem\/\">\n\t\t\t\tGi\u1ed7 T\u1ed5 H\u00f9ng V\u01b0\u01a1ng \u0110\u00e0 L\u1ea1t 2026: H\u00e0nh tr\u00ecnh di s\u1ea3n, \u0111a s\u1eafc tr\u1ea3i nghi\u1ec7m\t\t\t<\/a>\n\t\t<\/h3>\n\t\t\n\t\t<a href=\"https:\/\/tearesortprenn.doidep.com\/en\/gio-to-hung-vuong-da-lat-2026-hanh-trinh-di-san-da-sac-trai-nghiem\/\">\n\t\t\tSee more\t\t<\/a>\n\n\t\t\t\t<\/div>\n\t\t\t\t<\/article>\n\t\t\t\t<article class=\"elementor-post elementor-grid-item post-2544 post type-post status-publish format-standard has-post-thumbnail hentry category-tin-tuc\">\n\t\t\t\t<a class=\"elementor-post__thumbnail__link\" href=\"https:\/\/tearesortprenn.doidep.com\/en\/cac-chuyen-gia-hoi-tu-tai-world-tea-fest-de-doi-thoai-ve-tra-tra-se-tiep-tuc-la-cay-cau-mang-lai-suc-khoe-van-hoa-doi-thoai-giao-duc-va-su-thinh-vuong-cho-cong-dong\/\" target=\"&quot;_blank&quot;\">\n\t\t\t<div class=\"elementor-post__thumbnail\"><img decoding=\"async\" loading=\"lazy\" width=\"2000\" height=\"1330\" src=\"https:\/\/tearesortprenn.doidep.com\/wp-content\/uploads\/2025\/12\/2790140303929438699-1765006385977957152472-1765007811434-17650078121951072508639.jpg\" class=\"attachment-medium size-medium\" alt=\"2790140303929438699 1765006385977957152472 1765007811434 17650078121951072508639\" \/><\/div>\n\t\t<\/a>\n\t\t\t\t<div class=\"elementor-post__text\">\n\t\t\t\t<h3 class=\"elementor-post__title\">\n\t\t\t<a href=\"https:\/\/tearesortprenn.doidep.com\/en\/cac-chuyen-gia-hoi-tu-tai-world-tea-fest-de-doi-thoai-ve-tra-tra-se-tiep-tuc-la-cay-cau-mang-lai-suc-khoe-van-hoa-doi-thoai-giao-duc-va-su-thinh-vuong-cho-cong-dong\/\">\n\t\t\t\tC\u00e1c chuy\u00ean gia h\u1ed9i t\u1ee5 t\u1ea1i World Tea Fest \u0111\u1ec3 \u0111\u1ed1i tho\u1ea1i v\u1ec1 tr\u00e0: Tr\u00e0 s\u1ebd ti\u1ebfp t\u1ee5c l\u00e0 c\u00e2y c\u1ea7u mang l\u1ea1i s\u1ee9c kh\u1ecfe, v\u0103n h\u00f3a, \u0111\u1ed1i tho\u1ea1i, gi\u00e1o d\u1ee5c v\u00e0 s\u1ef1 th\u1ecbnh v\u01b0\u1ee3ng cho c\u1ed9ng \u0111\u1ed3ng\t\t\t<\/a>\n\t\t<\/h3>\n\t\t\n\t\t<a href=\"https:\/\/tearesortprenn.doidep.com\/en\/cac-chuyen-gia-hoi-tu-tai-world-tea-fest-de-doi-thoai-ve-tra-tra-se-tiep-tuc-la-cay-cau-mang-lai-suc-khoe-van-hoa-doi-thoai-giao-duc-va-su-thinh-vuong-cho-cong-dong\/\">\n\t\t\tSee more\t\t<\/a>\n\n\t\t\t\t<\/div>\n\t\t\t\t<\/article>\n\t\t\t\t<article class=\"elementor-post elementor-grid-item post-2541 post type-post status-publish format-standard has-post-thumbnail hentry category-tin-tuc\">\n\t\t\t\t<a class=\"elementor-post__thumbnail__link\" href=\"https:\/\/tearesortprenn.doidep.com\/en\/khai-mac-le-hoi-tra-quoc-te-world-t-e-a-fest-2025-04-ky-luc-viet-nam-trao-tang-den-cong-ty-cp-che-lam-dong-thuong-hieu-doidep\/\" target=\"&quot;_blank&quot;\">\n\t\t\t<div class=\"elementor-post__thumbnail\"><img decoding=\"async\" loading=\"lazy\" width=\"2560\" height=\"1440\" src=\"https:\/\/tearesortprenn.doidep.com\/wp-content\/uploads\/2025\/12\/le-hoi-tra-quoc-te-ky-luc-viet-nam-cong-ty-che-lam-dong-doi-dep-1-scaled.jpg\" class=\"attachment-medium size-medium\" alt=\"Le Hoi Tra Quoc Te Ky Luc Viet Nam Cong Ty Che Lam Dong Doi Dep 1\" \/><\/div>\n\t\t<\/a>\n\t\t\t\t<div class=\"elementor-post__text\">\n\t\t\t\t<h3 class=\"elementor-post__title\">\n\t\t\t<a href=\"https:\/\/tearesortprenn.doidep.com\/en\/khai-mac-le-hoi-tra-quoc-te-world-t-e-a-fest-2025-04-ky-luc-viet-nam-trao-tang-den-cong-ty-cp-che-lam-dong-thuong-hieu-doidep\/\">\n\t\t\t\tKhai m\u1ea1c L\u1ec5 h\u1ed9i Tr\u00e0 Qu\u1ed1c t\u1ebf &#8211; WORLD T.E.A FEST 2025, 04 K\u1ef7 l\u1ee5c Vi\u1ec7t Nam trao t\u1eb7ng \u0111\u1ebfn C\u00f4ng ty CP ch\u00e8 L\u00e2m \u0110\u1ed3ng &#8211; Th\u01b0\u01a1ng hi\u1ec7u DOIDEP\t\t\t<\/a>\n\t\t<\/h3>\n\t\t\n\t\t<a href=\"https:\/\/tearesortprenn.doidep.com\/en\/khai-mac-le-hoi-tra-quoc-te-world-t-e-a-fest-2025-04-ky-luc-viet-nam-trao-tang-den-cong-ty-cp-che-lam-dong-thuong-hieu-doidep\/\">\n\t\t\tSee more\t\t<\/a>\n\n\t\t\t\t<\/div>\n\t\t\t\t<\/article>\n\t\t\t\t<\/div>\n\n\n\t\t\n\t\t\t\t<\/div>\n\t\t\t\t<\/div>\n\t\t\t\t\t<\/div>\n\t\t<\/div>\n\t\t\t\t\t\t\t<\/div>\n\t\t<\/section>\n\t\t\t\t\t\t\t<\/div>","protected":false},"excerpt":{"rendered":"<p>SERVICE PRICE LIST News<\/p>","protected":false},"author":2,"featured_media":0,"parent":0,"menu_order":0,"comment_status":"closed","ping_status":"closed","template":"elementor_header_footer","meta":{"footnotes":""},"acf":[],"_links":{"self":[{"href":"https:\/\/tearesortprenn.doidep.com\/en\/wp-json\/wp\/v2\/pages\/1701"}],"collection":[{"href":"https:\/\/tearesortprenn.doidep.com\/en\/wp-json\/wp\/v2\/pages"}],"about":[{"href":"https:\/\/tearesortprenn.doidep.com\/en\/wp-json\/wp\/v2\/types\/page"}],"author":[{"embeddable":true,"href":"https:\/\/tearesortprenn.doidep.com\/en\/wp-json\/wp\/v2\/users\/2"}],"replies":[{"embeddable":true,"href":"https:\/\/tearesortprenn.doidep.com\/en\/wp-json\/wp\/v2\/comments?post=1701"}],"version-history":[{"count":1,"href":"https:\/\/tearesortprenn.doidep.com\/en\/wp-json\/wp\/v2\/pages\/1701\/revisions"}],"predecessor-version":[{"id":1705,"href":"https:\/\/tearesortprenn.doidep.com\/en\/wp-json\/wp\/v2\/pages\/1701\/revisions\/1705"}],"wp:attachment":[{"href":"https:\/\/tearesortprenn.doidep.com\/en\/wp-json\/wp\/v2\/media?parent=1701"}],"curies":[{"name":"wp","href":"https:\/\/api.w.org\/{rel}","templated":true}]}}